{"id":1590,"date":"2021-03-23T15:36:50","date_gmt":"2021-03-23T14:36:50","guid":{"rendered":"https:\/\/www.freudenhaus.com\/?post_type=product&#038;p=1590"},"modified":"2021-08-04T14:18:32","modified_gmt":"2021-08-04T12:18:32","slug":"fhorn-test1","status":"publish","type":"product","link":"https:\/\/www.freudenhaus.com\/en\/produkt\/fhorn-test1\/","title":{"rendered":"TOM+HATTY HANDBRILLE LANDEOOG"},"content":{"rendered":"","protected":false},"excerpt":{"rendered":"<p>F\u00fcr die vielen kurzen Augenblicke des Tages, ist die TOM+HATTY Lese-Handbrille der ideale Begleiter. Das Model: Landeoog ist erh\u00e4ltlich in den St\u00e4rken: +1,5 dpt und +2,5 dpt. Inklusive rundges\u00e4umten Lederband.<\/p>\n","protected":false},"featured_media":3920,"template":"","meta":{"_acf_changed":false},"product_cat":[22,23],"product_tag":[],"class_list":{"0":"post-1590","1":"product","2":"type-product","3":"status-publish","4":"has-post-thumbnail","6":"product_cat-accessoires","7":"product_cat-alle","9":"first","10":"instock","11":"taxable","12":"shipping-taxable","13":"purchasable","14":"product-type-simple"},"acf":[],"_links":{"self":[{"href":"https:\/\/www.freudenhaus.com\/en\/wp-json\/wp\/v2\/product\/1590","targetHints":{"allow":["GET"]}}],"collection":[{"href":"https:\/\/www.freudenhaus.com\/en\/wp-json\/wp\/v2\/product"}],"about":[{"href":"https:\/\/www.freudenhaus.com\/en\/wp-json\/wp\/v2\/types\/product"}],"wp:featuredmedia":[{"embeddable":true,"href":"https:\/\/www.freudenhaus.com\/en\/wp-json\/wp\/v2\/media\/3920"}],"wp:attachment":[{"href":"https:\/\/www.freudenhaus.com\/en\/wp-json\/wp\/v2\/media?parent=1590"}],"wp:term":[{"taxonomy":"product_cat","embeddable":true,"href":"https:\/\/www.freudenhaus.com\/en\/wp-json\/wp\/v2\/product_cat?post=1590"},{"taxonomy":"product_tag","embeddable":true,"href":"https:\/\/www.freudenhaus.com\/en\/wp-json\/wp\/v2\/product_tag?post=1590"}],"curies":[{"name":"wp","href":"https:\/\/api.w.org\/{rel}","templated":true}]}}