{"id":1594,"date":"2021-03-23T15:38:06","date_gmt":"2021-03-23T14:38:06","guid":{"rendered":"https:\/\/www.freudenhaus.com\/?post_type=product&#038;p=1594"},"modified":"2021-08-04T14:23:32","modified_gmt":"2021-08-04T12:23:32","slug":"fhorn-store-32-copy","status":"publish","type":"product","link":"https:\/\/www.freudenhaus.com\/en\/produkt\/fhorn-store-32-copy\/","title":{"rendered":"TOM+HATTY HANDBRILLE KOELN"},"content":{"rendered":"","protected":false},"excerpt":{"rendered":"<p>F\u00fcr die vielen kurzen Augenblicke des Tages, ist die TOM+HATTY Lese-Handbrille der ideale Begleiter. Das Model: Koeln ist erh\u00e4ltlich in den St\u00e4rken: +1,5 dpt und +2,5 dpt. Inklusive dem rundges\u00e4umten Lederband.<\/p>\n","protected":false},"featured_media":3936,"template":"","meta":{"_acf_changed":false},"product_cat":[22],"product_tag":[],"class_list":{"0":"post-1594","1":"product","2":"type-product","3":"status-publish","4":"has-post-thumbnail","6":"product_cat-accessoires","8":"first","9":"instock","10":"taxable","11":"shipping-taxable","12":"purchasable","13":"product-type-simple"},"acf":[],"_links":{"self":[{"href":"https:\/\/www.freudenhaus.com\/en\/wp-json\/wp\/v2\/product\/1594","targetHints":{"allow":["GET"]}}],"collection":[{"href":"https:\/\/www.freudenhaus.com\/en\/wp-json\/wp\/v2\/product"}],"about":[{"href":"https:\/\/www.freudenhaus.com\/en\/wp-json\/wp\/v2\/types\/product"}],"wp:featuredmedia":[{"embeddable":true,"href":"https:\/\/www.freudenhaus.com\/en\/wp-json\/wp\/v2\/media\/3936"}],"wp:attachment":[{"href":"https:\/\/www.freudenhaus.com\/en\/wp-json\/wp\/v2\/media?parent=1594"}],"wp:term":[{"taxonomy":"product_cat","embeddable":true,"href":"https:\/\/www.freudenhaus.com\/en\/wp-json\/wp\/v2\/product_cat?post=1594"},{"taxonomy":"product_tag","embeddable":true,"href":"https:\/\/www.freudenhaus.com\/en\/wp-json\/wp\/v2\/product_tag?post=1594"}],"curies":[{"name":"wp","href":"https:\/\/api.w.org\/{rel}","templated":true}]}}