{"id":4559,"date":"2021-12-30T09:36:51","date_gmt":"2021-12-30T08:36:51","guid":{"rendered":"https:\/\/www.freudenhaus.com\/?post_type=product&#038;p=4559"},"modified":"2021-12-30T10:04:49","modified_gmt":"2021-12-30T09:04:49","slug":"lederetui-nina-gorissen-manufactur","status":"publish","type":"product","link":"https:\/\/www.freudenhaus.com\/en\/produkt\/lederetui-nina-gorissen-manufactur\/","title":{"rendered":"LEDERETUI &#8211; NINA GORISSEN MANUFACTUR"},"content":{"rendered":"","protected":false},"excerpt":{"rendered":"<p>Brillenetui N\u00b0 1 aus der NINAGORISSEN MANUFACTUR. Handmade in Germany. Erh\u00e4ltlich in den Ausf\u00fchrungen: Rindsleder mit Krokopr\u00e4gung schwarz, Alpin Kalbsleder schwarz und Alpin Kalbsleder caramel. Bitte Etuiwunsch bei der Bestellung angeben.<\/p>\n","protected":false},"featured_media":4560,"template":"","meta":{"_acf_changed":false},"product_cat":[22],"product_tag":[],"class_list":{"0":"post-4559","1":"product","2":"type-product","3":"status-publish","4":"has-post-thumbnail","6":"product_cat-accessoires","8":"first","9":"instock","10":"taxable","11":"shipping-taxable","12":"purchasable","13":"product-type-simple"},"acf":[],"_links":{"self":[{"href":"https:\/\/www.freudenhaus.com\/en\/wp-json\/wp\/v2\/product\/4559","targetHints":{"allow":["GET"]}}],"collection":[{"href":"https:\/\/www.freudenhaus.com\/en\/wp-json\/wp\/v2\/product"}],"about":[{"href":"https:\/\/www.freudenhaus.com\/en\/wp-json\/wp\/v2\/types\/product"}],"wp:featuredmedia":[{"embeddable":true,"href":"https:\/\/www.freudenhaus.com\/en\/wp-json\/wp\/v2\/media\/4560"}],"wp:attachment":[{"href":"https:\/\/www.freudenhaus.com\/en\/wp-json\/wp\/v2\/media?parent=4559"}],"wp:term":[{"taxonomy":"product_cat","embeddable":true,"href":"https:\/\/www.freudenhaus.com\/en\/wp-json\/wp\/v2\/product_cat?post=4559"},{"taxonomy":"product_tag","embeddable":true,"href":"https:\/\/www.freudenhaus.com\/en\/wp-json\/wp\/v2\/product_tag?post=4559"}],"curies":[{"name":"wp","href":"https:\/\/api.w.org\/{rel}","templated":true}]}}