{"id":4644,"date":"2022-01-12T15:00:00","date_gmt":"2022-01-12T14:00:00","guid":{"rendered":"https:\/\/www.freudenhaus.com\/?post_type=product&#038;p=4644"},"modified":"2023-08-23T16:33:08","modified_gmt":"2023-08-23T14:33:08","slug":"fhorn-701","status":"publish","type":"product","link":"https:\/\/www.freudenhaus.com\/en\/produkt\/fhorn-701\/","title":{"rendered":"FHORN 701"},"content":{"rendered":"","protected":false},"excerpt":{"rendered":"<p>Le Corbusier hat uns die Vorlage f\u00fcr diese Brille gegeben. Die FHorn Store 701 ist die runde Brille schlechthin. In dieser wertvollen Materialkombination ein Handschmeichler f\u00fcr das Gesicht. Die hochwertigen Materialkombination bestehen aus Horn mit Cashmere \u00fcberlegt. Die Brille wirkt nicht gro\u00df ist aber auch f\u00fcr gro\u00dfe Gesichter perfekt geeignet, da die kleine runde Brille gut in der Augenh\u00f6hle sitzt. Perfekt auch als normale Brille mit starken Sehst\u00e4rken zu tragen. 100% Natur, hypoallergen und &#8220;Handmade in Germany&#8221;.<\/p>\n","protected":false},"featured_media":4946,"template":"","meta":{"_acf_changed":false},"product_cat":[19],"product_tag":[],"class_list":{"0":"post-4644","1":"product","2":"type-product","3":"status-publish","4":"has-post-thumbnail","6":"product_cat-hornbrillen","8":"first","9":"instock","10":"taxable","11":"shipping-taxable","12":"purchasable","13":"product-type-simple"},"acf":[],"_links":{"self":[{"href":"https:\/\/www.freudenhaus.com\/en\/wp-json\/wp\/v2\/product\/4644","targetHints":{"allow":["GET"]}}],"collection":[{"href":"https:\/\/www.freudenhaus.com\/en\/wp-json\/wp\/v2\/product"}],"about":[{"href":"https:\/\/www.freudenhaus.com\/en\/wp-json\/wp\/v2\/types\/product"}],"wp:featuredmedia":[{"embeddable":true,"href":"https:\/\/www.freudenhaus.com\/en\/wp-json\/wp\/v2\/media\/4946"}],"wp:attachment":[{"href":"https:\/\/www.freudenhaus.com\/en\/wp-json\/wp\/v2\/media?parent=4644"}],"wp:term":[{"taxonomy":"product_cat","embeddable":true,"href":"https:\/\/www.freudenhaus.com\/en\/wp-json\/wp\/v2\/product_cat?post=4644"},{"taxonomy":"product_tag","embeddable":true,"href":"https:\/\/www.freudenhaus.com\/en\/wp-json\/wp\/v2\/product_tag?post=4644"}],"curies":[{"name":"wp","href":"https:\/\/api.w.org\/{rel}","templated":true}]}}