{"id":4718,"date":"2022-01-13T14:07:31","date_gmt":"2022-01-13T13:07:31","guid":{"rendered":"https:\/\/www.freudenhaus.com\/?post_type=product&#038;p=4718"},"modified":"2023-08-23T11:28:25","modified_gmt":"2023-08-23T09:28:25","slug":"fhorn-store-68","status":"publish","type":"product","link":"https:\/\/www.freudenhaus.com\/en\/produkt\/fhorn-store-68\/","title":{"rendered":"FHORN Store 68"},"content":{"rendered":"","protected":false},"excerpt":{"rendered":"<p>Hier ist sie: Die Store 68 &#8211; die ultimative FrauenBrille. Ist feminin konsequent. Leicht, ohne Schn\u00f6rkel und zu jedem Lippenstift und Outfit perfekt zu kombinieren. \u00a0 \u00a0 \u00a0 Die hier abgebildete Brille ist schwarz. Die Kombinationfreude funktioniert aber auch genauso gut in einem ganz dunklem Braun. \u00a0Sollte Frau haben. Die runde Store 68 ist durch\u00a0die hochwertige Verarbeitung und Leichtigkeit die optimal eBrille f\u00fcr den ganzen Tag . Mit einer Scheibeng\u00f6\u00dfe von mehr als 50mm ist die Hornbrille perfekt f\u00fcr Gleitsicht- oder Computergl\u00e4ser geeignet. Hypoallergen, 100% Natur, 100% Handmade in Germany.<\/p>\n","protected":false},"featured_media":4719,"template":"","meta":{"_acf_changed":false},"product_cat":[19],"product_tag":[],"class_list":{"0":"post-4718","1":"product","2":"type-product","3":"status-publish","4":"has-post-thumbnail","6":"product_cat-hornbrillen","8":"first","9":"instock","10":"taxable","11":"shipping-taxable","12":"purchasable","13":"product-type-simple"},"acf":[],"_links":{"self":[{"href":"https:\/\/www.freudenhaus.com\/en\/wp-json\/wp\/v2\/product\/4718","targetHints":{"allow":["GET"]}}],"collection":[{"href":"https:\/\/www.freudenhaus.com\/en\/wp-json\/wp\/v2\/product"}],"about":[{"href":"https:\/\/www.freudenhaus.com\/en\/wp-json\/wp\/v2\/types\/product"}],"wp:featuredmedia":[{"embeddable":true,"href":"https:\/\/www.freudenhaus.com\/en\/wp-json\/wp\/v2\/media\/4719"}],"wp:attachment":[{"href":"https:\/\/www.freudenhaus.com\/en\/wp-json\/wp\/v2\/media?parent=4718"}],"wp:term":[{"taxonomy":"product_cat","embeddable":true,"href":"https:\/\/www.freudenhaus.com\/en\/wp-json\/wp\/v2\/product_cat?post=4718"},{"taxonomy":"product_tag","embeddable":true,"href":"https:\/\/www.freudenhaus.com\/en\/wp-json\/wp\/v2\/product_tag?post=4718"}],"curies":[{"name":"wp","href":"https:\/\/api.w.org\/{rel}","templated":true}]}}