{"id":4984,"date":"2022-03-08T16:07:33","date_gmt":"2022-03-08T15:07:33","guid":{"rendered":"https:\/\/www.freudenhaus.com\/?post_type=product&#038;p=4984"},"modified":"2022-03-08T16:38:06","modified_gmt":"2022-03-08T15:38:06","slug":"fhorn-store-72-special-lens","status":"publish","type":"product","link":"https:\/\/www.freudenhaus.com\/en\/produkt\/fhorn-store-72-special-lens\/","title":{"rendered":"FHORN STORE 72 special Lens"},"content":{"rendered":"","protected":false},"excerpt":{"rendered":"<p>Die FHorn Store 72 ist einer der Klassiker der FreudenHaus Hornkollektion. Wir wissen nicht ob wir die Brille \u00f6fter an Damen oder Herren verkauft haben. Egal. Sie ist der Blickfang f\u00fcr jedes Gesicht. Und Frauen verstecken sich gerne hinter diesem Design. Die Store 72 kommt aus dem 1972. In diesem Jahr feiert sich quasi 50. Geburtstag. Die Werkzeuge dieser Brille schlummerten fast 4 Jahrzehnte in der Schublade, bis sie wieder von uns ins Leben gerufen wurde.<\/p>\n<p>Bei dieser Brille sind zus\u00e4tzlich noch spezial Sonnenschutzgl\u00e4ser eingearbeitet. Superentspiegelt, superharte Oberfl\u00e4che und CleanCoat Beschichtung. Zus\u00e4tzlich ist die Basiskurve der Gl\u00e4ser 2. Das bedeutet die Gl\u00e4ser sind fast so gerade wie eine Fensterscheibe. \u00a0Dies Basiskurve wird sehr selten bei Brillengl\u00e4sern verwendet, da die Herstellung sehr aufwendig ist. Die T\u00f6nung der Gl\u00e4ser ist kontraststeigernd. Optimal zum Golfen geeignet.<\/p>\n<p>Durch die hochwertige Verarbeitung ist die handgemachte Hornbrille den ganzen Tag \u00fcber angenehm leicht zu tragen. Der Rahmen wird aus zwei Hornplatten verbunden. Hinten hell vorne dunkel. So schauen sie nicht auf etwas Dunkels beim Sehen. \u00a0Hypoallergen, 100% Natur, 100% Handmade in Germany.<\/p>\n","protected":false},"featured_media":4985,"template":"","meta":{"_acf_changed":false},"product_cat":[20],"product_tag":[],"class_list":{"0":"post-4984","1":"product","2":"type-product","3":"status-publish","4":"has-post-thumbnail","6":"product_cat-sonnenbrillen","8":"first","9":"instock","10":"taxable","11":"shipping-taxable","12":"purchasable","13":"product-type-simple"},"acf":[],"_links":{"self":[{"href":"https:\/\/www.freudenhaus.com\/en\/wp-json\/wp\/v2\/product\/4984","targetHints":{"allow":["GET"]}}],"collection":[{"href":"https:\/\/www.freudenhaus.com\/en\/wp-json\/wp\/v2\/product"}],"about":[{"href":"https:\/\/www.freudenhaus.com\/en\/wp-json\/wp\/v2\/types\/product"}],"wp:featuredmedia":[{"embeddable":true,"href":"https:\/\/www.freudenhaus.com\/en\/wp-json\/wp\/v2\/media\/4985"}],"wp:attachment":[{"href":"https:\/\/www.freudenhaus.com\/en\/wp-json\/wp\/v2\/media?parent=4984"}],"wp:term":[{"taxonomy":"product_cat","embeddable":true,"href":"https:\/\/www.freudenhaus.com\/en\/wp-json\/wp\/v2\/product_cat?post=4984"},{"taxonomy":"product_tag","embeddable":true,"href":"https:\/\/www.freudenhaus.com\/en\/wp-json\/wp\/v2\/product_tag?post=4984"}],"curies":[{"name":"wp","href":"https:\/\/api.w.org\/{rel}","templated":true}]}}