{"id":4989,"date":"2022-03-08T16:18:24","date_gmt":"2022-03-08T15:18:24","guid":{"rendered":"https:\/\/www.freudenhaus.com\/?post_type=product&#038;p=4989"},"modified":"2022-03-08T16:37:33","modified_gmt":"2022-03-08T15:37:33","slug":"fhorn-store-41-special-lens","status":"publish","type":"product","link":"https:\/\/www.freudenhaus.com\/en\/produkt\/fhorn-store-41-special-lens\/","title":{"rendered":"FHORN Store 41 Special Lens"},"content":{"rendered":"","protected":false},"excerpt":{"rendered":"<p>Die FHorn Store 41 erinnert ein wenig an die Brille Woody Allen in seinem Film &#8220;Der Stadtneurotiker&#8221;. Es ist eine klassische Herrenbrille. Wir haben die Brille hochglanzpoliert. Das l\u00e4sst die Special kontraststeigende Sonnenbrillengl\u00e4ser superklasse zur Geltung kommen. Das besondere bei diesen Gl\u00e4sern ist, dass sie\u00a0superentspiegelt, supergeh\u00e4rtet und eine CleanCoat Beschichtung haben. Zus\u00e4tzlich ist die Basiskurve der Gl\u00e4ser 2. Das bedeutet die Gl\u00e4ser sind fast so gerade wie eine Fensterscheibe. \u00a0Dies Basiskurve wird sehr selten bei Brillengl\u00e4sern verwendet, da die Herstellung sehr aufwendig ist. \u00a0So war es auch in der Brille von Woody Allen in den 70igern. Die T\u00f6nung der Gl\u00e4ser ist kontraststeigernd. Optimal zum Golfen geeignet.<\/p>\n<p>Durch die hochwertige Verarbeitung ist die handgemachte Hornbrille den ganzen Tag \u00fcber angenehm leicht zu tragen. Sehr gut geeignet f\u00fcr starke St\u00e4rken, da die Scheibenbreite 50mm betr\u00e4gt.\u00a0Hypoallergen, 100% Natur, 100% Handmade in Germany.<\/p>\n","protected":false},"featured_media":4990,"template":"","meta":{"_acf_changed":false},"product_cat":[20],"product_tag":[],"class_list":{"0":"post-4989","1":"product","2":"type-product","3":"status-publish","4":"has-post-thumbnail","6":"product_cat-sonnenbrillen","8":"first","9":"instock","10":"taxable","11":"shipping-taxable","12":"purchasable","13":"product-type-simple"},"acf":[],"_links":{"self":[{"href":"https:\/\/www.freudenhaus.com\/en\/wp-json\/wp\/v2\/product\/4989","targetHints":{"allow":["GET"]}}],"collection":[{"href":"https:\/\/www.freudenhaus.com\/en\/wp-json\/wp\/v2\/product"}],"about":[{"href":"https:\/\/www.freudenhaus.com\/en\/wp-json\/wp\/v2\/types\/product"}],"wp:featuredmedia":[{"embeddable":true,"href":"https:\/\/www.freudenhaus.com\/en\/wp-json\/wp\/v2\/media\/4990"}],"wp:attachment":[{"href":"https:\/\/www.freudenhaus.com\/en\/wp-json\/wp\/v2\/media?parent=4989"}],"wp:term":[{"taxonomy":"product_cat","embeddable":true,"href":"https:\/\/www.freudenhaus.com\/en\/wp-json\/wp\/v2\/product_cat?post=4989"},{"taxonomy":"product_tag","embeddable":true,"href":"https:\/\/www.freudenhaus.com\/en\/wp-json\/wp\/v2\/product_tag?post=4989"}],"curies":[{"name":"wp","href":"https:\/\/api.w.org\/{rel}","templated":true}]}}