{"id":5326,"date":"2022-10-13T12:13:03","date_gmt":"2022-10-13T10:13:03","guid":{"rendered":"https:\/\/www.freudenhaus.com\/?post_type=product&#038;p=5326"},"modified":"2023-03-20T17:27:31","modified_gmt":"2023-03-20T16:27:31","slug":"geschenk-oder-wertgutschein","status":"publish","type":"product","link":"https:\/\/www.freudenhaus.com\/en\/produkt\/geschenk-oder-wertgutschein\/","title":{"rendered":"GESCHENKGUTSCHEIN"},"content":{"rendered":"<p><span data-slate-fragment=\"JTVCJTdCJTIydHlwZSUyMiUzQSUyMnAlMjIlMkMlMjJjaGlsZHJlbiUyMiUzQSU1QiU3QiUyMnRleHQlMjIlM0ElMjJFaW4lMjBHZXNjaGVua2d1dHNjaGVpbiUyMG1hbCUyMGFuZGVycyElMjBNaXQlMjBkZW0lMjBGcmV1ZGVuSGF1cyUyMEd1dHNjaGVpbiUyMGslQzMlQjZubmVuJTIwU2llJTIwYWxsZW4lMjBlaW5lJTIwZ2FueiUyMGJlc29uZGVyZSUyMEZyZXVkZSUyMG1hY2hlbi4lMjBEZXIlMjBHdXRzY2hlaW4lMjB6ZWlndCUyME1vdGl2ZSUyMHZlcnNjaGllZGVuZXIlMjBQZXJzJUMzJUI2bmxpY2hrZWl0ZW4lMkMlMjBkaWUlMjBlaW56aWdhcnRpZyUyMHVuZCUyMHdpdHppZyUyMHNpbmQuJTIwTWl0JTIwZGllc2VtJTIwR2VzY2hlbmslMjB3ZXJkZW4lMjBJaHJlJTIwTGllYnN0ZW4lMjBzaWNoZXJsaWNoJTIwJUMzJUJDYmVycmFzY2h0JTIwdW5kJTIwdm9sbCUyMEZyZXVkZSUyMHNlaW4uJTIwU2llJTIwZXJoYWx0ZW4lMjBkYW1pdCUyMG1laHIlMjBhbHMlMjBudXIlMjBlaW5lbiUyMEd1dHNjaGVpbiUyMC0lMjBTaWUlMjBzY2hlbmtlbiUyMGlocmVuJTIwTGllYnN0ZW4lMjBlaW4lMjBnYW56JTIwcGVycyVDMyVCNm5saWNoZSUyMEVybGVibmlzJTIwJTJDJTIwbiVDMyVBNG1saWNoJTIwZWluZSUyMG5ldWUlMjBCcmlsbGUhJTIyJTdEJTVEJTJDJTIyaWQlMjIlM0ElMjI1ano0MyUyMiU3RCU1RA==\">Ein Geschenkgutschein mal anders! Mit dem FreudenHaus Gutschein k\u00f6nnen Sie allen eine ganz besondere Freude machen. Der Gutschein zeigt Motive verschiedener Pers\u00f6nlichkeiten, die einzigartig und witzig sind. Mit diesem Geschenk werden Ihre Liebsten sicherlich \u00fcberrascht und voll Freude sein. Sie erhalten damit mehr als nur einen Gutschein &#8211; Sie schenken ihren Liebsten ein ganz pers\u00f6nliche Erlebnis, n\u00e4mlich eine neue Brille!<\/span><\/p>\n","protected":false},"excerpt":{"rendered":"<p><strong>FREUDE verschenken!<\/strong> Das ideale Geschenk f\u00fcr alle Unentschlossenen oder diejenigen, die Freude verschenken m\u00f6chten &#8211; <strong>der FreudenHaus Wertgutschein, erh\u00e4ltlich ab 50,00 \u20ac.\u00a0<\/strong><\/p>\n<p>Die H\u00f6he des Wertgutscheins kann \u00fcber den Warenkorb bestimmt werden.<\/p>\n","protected":false},"featured_media":5322,"template":"","meta":{"_acf_changed":false},"product_cat":[22,23],"product_tag":[],"class_list":{"0":"post-5326","1":"product","2":"type-product","3":"status-publish","4":"has-post-thumbnail","6":"product_cat-accessoires","7":"product_cat-alle","9":"first","10":"instock","11":"taxable","12":"shipping-taxable","13":"purchasable","14":"product-type-simple"},"acf":[],"_links":{"self":[{"href":"https:\/\/www.freudenhaus.com\/en\/wp-json\/wp\/v2\/product\/5326","targetHints":{"allow":["GET"]}}],"collection":[{"href":"https:\/\/www.freudenhaus.com\/en\/wp-json\/wp\/v2\/product"}],"about":[{"href":"https:\/\/www.freudenhaus.com\/en\/wp-json\/wp\/v2\/types\/product"}],"wp:featuredmedia":[{"embeddable":true,"href":"https:\/\/www.freudenhaus.com\/en\/wp-json\/wp\/v2\/media\/5322"}],"wp:attachment":[{"href":"https:\/\/www.freudenhaus.com\/en\/wp-json\/wp\/v2\/media?parent=5326"}],"wp:term":[{"taxonomy":"product_cat","embeddable":true,"href":"https:\/\/www.freudenhaus.com\/en\/wp-json\/wp\/v2\/product_cat?post=5326"},{"taxonomy":"product_tag","embeddable":true,"href":"https:\/\/www.freudenhaus.com\/en\/wp-json\/wp\/v2\/product_tag?post=5326"}],"curies":[{"name":"wp","href":"https:\/\/api.w.org\/{rel}","templated":true}]}}